{"id":44,"date":"2021-10-14T21:38:00","date_gmt":"2021-10-14T19:38:00","guid":{"rendered":"https:\/\/avw-consult.de\/brite\/"},"modified":"2021-12-15T18:23:06","modified_gmt":"2021-12-15T17:23:06","slug":"brite","status":"publish","type":"page","link":"https:\/\/avw-consult.de\/","title":{"rendered":"BERATUNG ::: MODERATION ::: KOMMUNIKATION"},"content":{"rendered":"\n<div class=\"wp-block-media-text alignwide has-media-on-the-right is-stacked-on-mobile\" style=\"grid-template-columns:auto 25%\"><figure class=\"wp-block-media-text__media\"><img fetchpriority=\"high\" decoding=\"async\" width=\"450\" height=\"600\" src=\"https:\/\/avw-consult.de\/wp-content\/uploads\/2021\/10\/2020-08-04-Alex_S.jpg\" alt=\"Alexander von Wascinski\" class=\"wp-image-75 size-full\" srcset=\"https:\/\/avw-consult.de\/wp-content\/uploads\/2021\/10\/2020-08-04-Alex_S.jpg 450w, https:\/\/avw-consult.de\/wp-content\/uploads\/2021\/10\/2020-08-04-Alex_S-225x300.jpg 225w\" sizes=\"(max-width: 450px) 100vw, 450px\" \/><\/figure><div class=\"wp-block-media-text__content\">\n<p>Willkommen bei ACon ::: AvW-Consult!<\/p>\n\n\n\n<ul class=\"wp-block-list\"><li>Sie wollen mit Ihrer Organisation oder Kirchengemeinde neue Wege gehen und suchen daf\u00fcr eine passende <strong>Beratung<\/strong> und Begleitung ?<\/li><\/ul>\n\n\n\n<ul class=\"wp-block-list\"><li>Sie w\u00fcnschen sich eine gelingende <strong>Moderation<\/strong> f\u00fcr Ihre kreativen und\/oder kritischen Prozesse in Gremiensitzungen, Workshops, Klausuren oder Gro\u00dfgruppenveranstaltungen?<\/li><\/ul>\n\n\n\n<ul class=\"wp-block-list\"><li>Sie wollen die <strong>Kommunikation<\/strong> in Ihrer Organisation, Ihrem Unternehmen oder Ihrer Kirchengemeinde weiter entwickeln und auf ein neues Level bringen?<\/li><\/ul>\n\n\n\n<p>Dann sind Sie bei mir genau richtig. Ich bin <a href=\"https:\/\/avw-consult.de\/?page_id=102\" data-type=\"page\" data-id=\"102\">Alexander von Wascinski<\/a> (geb. 1974), Pastor und systemischer Organisations- und Gemeindeberater.<\/p>\n\n\n\n<p>Rufen Sie mich einfach an (<a href=\"tel:+498921526978\">+49 89 21526978<\/a>) oder schicken Sie mir eine E-Mail (<a href=\"mailto:avw@a-con.co\">avw@a-con.co<\/a>). Ich freue mich auf den Kontakt mit Ihnen.<\/p>\n\n\n\n<p><\/p>\n<\/div><\/div>\n","protected":false},"excerpt":{"rendered":"<p>Willkommen bei ACon ::: AvW-Consult! Sie wollen mit Ihrer Organisation oder Kirchengemeinde neue Wege gehen und suchen daf\u00fcr eine passende Beratung und Begleitung ? Sie w\u00fcnschen sich eine gelingende Moderation f\u00fcr Ihre kreativen und\/oder kritischen Prozesse in Gremiensitzungen, Workshops, Klausuren oder Gro\u00dfgruppenveranstaltungen? Sie wollen die Kommunikation in Ihrer Organisation, Ihrem Unternehmen oder Ihrer Kirchengemeinde weiter &hellip; <\/p>\n<p class=\"link-more\"><a href=\"https:\/\/avw-consult.de\/\" class=\"more-link\">Mehr <span class=\"screen-reader-text\">\u00fcber &#8222;BERATUNG ::: MODERATION ::: KOMMUNIKATION&#8220; <\/span>Lesen<\/a><\/p>\n","protected":false},"author":1,"featured_media":71,"parent":0,"menu_order":0,"comment_status":"closed","ping_status":"closed","template":"","meta":{"footnotes":""},"class_list":["post-44","page","type-page","status-publish","has-post-thumbnail","hentry"],"featured_media_urls":{"thumbnail":["https:\/\/avw-consult.de\/wp-content\/uploads\/2021\/10\/communication-4871245-150x150.jpg",150,150,true],"medium":["https:\/\/avw-consult.de\/wp-content\/uploads\/2021\/10\/communication-4871245-300x100.jpg",300,100,true],"medium_large":["https:\/\/avw-consult.de\/wp-content\/uploads\/2021\/10\/communication-4871245-768x256.jpg",768,256,true],"large":["https:\/\/avw-consult.de\/wp-content\/uploads\/2021\/10\/communication-4871245-1024x341.jpg",950,316,true],"1536x1536":["https:\/\/avw-consult.de\/wp-content\/uploads\/2021\/10\/communication-4871245-1536x512.jpg",1536,512,true],"2048x2048":["https:\/\/avw-consult.de\/wp-content\/uploads\/2021\/10\/communication-4871245-2048x683.jpg",2048,683,true],"inspiro-featured-image":["https:\/\/avw-consult.de\/wp-content\/uploads\/2021\/10\/communication-4871245-scaled-2000x666.jpg",2000,666,true],"inspiro-loop":["https:\/\/avw-consult.de\/wp-content\/uploads\/2021\/10\/communication-4871245-scaled-950x320.jpg",950,320,true],"inspiro-loop@2x":["https:\/\/avw-consult.de\/wp-content\/uploads\/2021\/10\/communication-4871245-scaled-1900x640.jpg",1900,640,true],"portfolio_item-thumbnail":["https:\/\/avw-consult.de\/wp-content\/uploads\/2021\/10\/communication-4871245-scaled-600x400.jpg",600,400,true],"portfolio_item-thumbnail@2x":["https:\/\/avw-consult.de\/wp-content\/uploads\/2021\/10\/communication-4871245-scaled-1200x800.jpg",1200,800,true],"portfolio_item-masonry":["https:\/\/avw-consult.de\/wp-content\/uploads\/2021\/10\/communication-4871245-scaled-600x200.jpg",600,200,true],"portfolio_item-masonry@2x":["https:\/\/avw-consult.de\/wp-content\/uploads\/2021\/10\/communication-4871245-scaled-1200x400.jpg",1200,400,true],"portfolio_item-thumbnail_cinema":["https:\/\/avw-consult.de\/wp-content\/uploads\/2021\/10\/communication-4871245-scaled-800x335.jpg",800,335,true],"portfolio_item-thumbnail_portrait":["https:\/\/avw-consult.de\/wp-content\/uploads\/2021\/10\/communication-4871245-scaled-600x853.jpg",600,853,true],"portfolio_item-thumbnail_portrait@2x":["https:\/\/avw-consult.de\/wp-content\/uploads\/2021\/10\/communication-4871245-scaled-1200x853.jpg",1200,853,true],"portfolio_item-thumbnail_square":["https:\/\/avw-consult.de\/wp-content\/uploads\/2021\/10\/communication-4871245-scaled-800x800.jpg",800,800,true]},"_links":{"self":[{"href":"https:\/\/avw-consult.de\/index.php?rest_route=\/wp\/v2\/pages\/44","targetHints":{"allow":["GET"]}}],"collection":[{"href":"https:\/\/avw-consult.de\/index.php?rest_route=\/wp\/v2\/pages"}],"about":[{"href":"https:\/\/avw-consult.de\/index.php?rest_route=\/wp\/v2\/types\/page"}],"author":[{"embeddable":true,"href":"https:\/\/avw-consult.de\/index.php?rest_route=\/wp\/v2\/users\/1"}],"replies":[{"embeddable":true,"href":"https:\/\/avw-consult.de\/index.php?rest_route=%2Fwp%2Fv2%2Fcomments&post=44"}],"version-history":[{"count":10,"href":"https:\/\/avw-consult.de\/index.php?rest_route=\/wp\/v2\/pages\/44\/revisions"}],"predecessor-version":[{"id":167,"href":"https:\/\/avw-consult.de\/index.php?rest_route=\/wp\/v2\/pages\/44\/revisions\/167"}],"wp:featuredmedia":[{"embeddable":true,"href":"https:\/\/avw-consult.de\/index.php?rest_route=\/wp\/v2\/media\/71"}],"wp:attachment":[{"href":"https:\/\/avw-consult.de\/index.php?rest_route=%2Fwp%2Fv2%2Fmedia&parent=44"}],"curies":[{"name":"wp","href":"https:\/\/api.w.org\/{rel}","templated":true}]}}